{"id":674,"date":"2020-10-17T21:04:15","date_gmt":"2020-10-17T21:04:15","guid":{"rendered":"https:\/\/zefraza.com\/?page_id=674"},"modified":"2021-03-03T12:35:05","modified_gmt":"2021-03-03T12:35:05","slug":"nasza-oferta-2","status":"publish","type":"page","link":"https:\/\/zefraza.com\/pl\/nasza-oferta-2\/","title":{"rendered":"Nasza oferta"},"content":{"rendered":"\t\t<div data-elementor-type=\"wp-page\" data-elementor-id=\"674\" class=\"elementor elementor-674 elementor-672\">\n\t\t\t\t\t\t<div class=\"elementor-inner\">\n\t\t\t\t<div class=\"elementor-section-wrap\">\n\t\t\t\t\t\t\t\t\t<section class=\"elementor-section elementor-top-section elementor-element elementor-element-4dad8d0 elementor-section-boxed elementor-section-height-default elementor-section-height-default\" data-id=\"4dad8d0\" data-element_type=\"section\">\n\t\t\t\t\t\t<div class=\"elementor-container elementor-column-gap-default\">\n\t\t\t\t\t\t\t<div class=\"elementor-row\">\n\t\t\t\t\t<div class=\"elementor-column elementor-col-100 elementor-top-column elementor-element elementor-element-1121340\" data-id=\"1121340\" data-element_type=\"column\">\n\t\t\t<div class=\"elementor-column-wrap elementor-element-populated\">\n\t\t\t\t\t\t\t<div class=\"elementor-widget-wrap\">\n\t\t\t\t\t\t<div class=\"elementor-element elementor-element-b9181fb elementor-widget elementor-widget-spacer\" data-id=\"b9181fb\" data-element_type=\"widget\" data-widget_type=\"spacer.default\">\n\t\t\t\t<div class=\"elementor-widget-container\">\n\t\t\t\t\t<div class=\"elementor-spacer\">\n\t\t\t<div class=\"elementor-spacer-inner\"><\/div>\n\t\t<\/div>\n\t\t\t\t<\/div>\n\t\t\t\t<\/div>\n\t\t\t\t<section class=\"elementor-section elementor-inner-section elementor-element elementor-element-3b519ac elementor-section-boxed elementor-section-height-default elementor-section-height-default\" data-id=\"3b519ac\" data-element_type=\"section\">\n\t\t\t\t\t\t<div class=\"elementor-container elementor-column-gap-default\">\n\t\t\t\t\t\t\t<div class=\"elementor-row\">\n\t\t\t\t\t<div class=\"elementor-column elementor-col-50 elementor-inner-column elementor-element elementor-element-c246afd\" data-id=\"c246afd\" data-element_type=\"column\">\n\t\t\t<div class=\"elementor-column-wrap elementor-element-populated\">\n\t\t\t\t\t\t\t<div class=\"elementor-widget-wrap\">\n\t\t\t\t\t\t<div class=\"elementor-element elementor-element-e4907d7 elementor-widget elementor-widget-text-editor\" data-id=\"e4907d7\" data-element_type=\"widget\" data-widget_type=\"text-editor.default\">\n\t\t\t\t<div class=\"elementor-widget-container\">\n\t\t\t\t\t\t\t\t<div class=\"elementor-text-editor elementor-clearfix\">\n\t\t\t\t<h4 style=\"font-style: normal; font-variant-ligatures: normal; font-variant-caps: normal; letter-spacing: normal;\">Oferujemy profesjonalne <u><a href=\"http:\/\/zefraza.com\/pl\/nasza-oferta\/nasze-uslugi\">us\u0142ugi<\/a><\/u>:<\/h4>\t\t\t\t\t<\/div>\n\t\t\t\t\t\t<\/div>\n\t\t\t\t<\/div>\n\t\t\t\t\t\t<\/div>\n\t\t\t\t\t<\/div>\n\t\t<\/div>\n\t\t\t\t<div class=\"elementor-column elementor-col-50 elementor-inner-column elementor-element elementor-element-9c91acc\" data-id=\"9c91acc\" data-element_type=\"column\">\n\t\t\t<div class=\"elementor-column-wrap elementor-element-populated\">\n\t\t\t\t\t\t\t<div class=\"elementor-widget-wrap\">\n\t\t\t\t\t\t<div class=\"elementor-element elementor-element-800eb7f elementor-widget elementor-widget-text-editor\" data-id=\"800eb7f\" data-element_type=\"widget\" data-widget_type=\"text-editor.default\">\n\t\t\t\t<div class=\"elementor-widget-container\">\n\t\t\t\t\t\t\t\t<div class=\"elementor-text-editor elementor-clearfix\">\n\t\t\t\t<ul style=\"font-style: normal; font-variant-ligatures: normal; font-variant-caps: normal; font-weight: 300; font-size: 13px; font-family: Poppins, Helvetica, Arial, sans-serif;\"><li><h6>T\u0142umaczenie specjalistyczne<\/h6><\/li><li><h6>Lokalizacja oprogramowania i stron internetowych<\/h6><\/li><li><h6>Edycja i korekta<\/h6><\/li><li><h6>T\u0142umaczenie dla DTP (Desktop publishing)<\/h6><\/li><li><h6>Transkreacja i copywriting<\/h6><\/li><li><h6>Napisy i t\u0142umaczenie audiowizualne<\/h6><\/li><\/ul>\t\t\t\t\t<\/div>\n\t\t\t\t\t\t<\/div>\n\t\t\t\t<\/div>\n\t\t\t\t\t\t<\/div>\n\t\t\t\t\t<\/div>\n\t\t<\/div>\n\t\t\t\t\t\t\t\t<\/div>\n\t\t\t\t\t<\/div>\n\t\t<\/section>\n\t\t\t\t<div class=\"elementor-element elementor-element-834aedd elementor-widget elementor-widget-spacer\" data-id=\"834aedd\" data-element_type=\"widget\" data-widget_type=\"spacer.default\">\n\t\t\t\t<div class=\"elementor-widget-container\">\n\t\t\t\t\t<div class=\"elementor-spacer\">\n\t\t\t<div class=\"elementor-spacer-inner\"><\/div>\n\t\t<\/div>\n\t\t\t\t<\/div>\n\t\t\t\t<\/div>\n\t\t\t\t<section class=\"elementor-section elementor-inner-section elementor-element elementor-element-e1666b7 elementor-section-boxed elementor-section-height-default elementor-section-height-default\" data-id=\"e1666b7\" data-element_type=\"section\">\n\t\t\t\t\t\t<div class=\"elementor-container elementor-column-gap-default\">\n\t\t\t\t\t\t\t<div class=\"elementor-row\">\n\t\t\t\t\t<div class=\"elementor-column elementor-col-50 elementor-inner-column elementor-element elementor-element-8ed00b1\" data-id=\"8ed00b1\" data-element_type=\"column\">\n\t\t\t<div class=\"elementor-column-wrap elementor-element-populated\">\n\t\t\t\t\t\t\t<div class=\"elementor-widget-wrap\">\n\t\t\t\t\t\t<div class=\"elementor-element elementor-element-beac0ba elementor-widget elementor-widget-text-editor\" data-id=\"beac0ba\" data-element_type=\"widget\" data-widget_type=\"text-editor.default\">\n\t\t\t\t<div class=\"elementor-widget-container\">\n\t\t\t\t\t\t\t\t<div class=\"elementor-text-editor elementor-clearfix\">\n\t\t\t\t<h4 style=\"font-style: normal; font-variant-ligatures: normal; font-variant-caps: normal; letter-spacing: normal;\"><span style=\"font-family: 'Pathway Gothic One', Helvetica, Arial, sans-serif; font-size: 21px; font-style: normal; font-variant-ligatures: normal; font-variant-caps: normal; font-weight: 400;\">Nasze g\u0142\u00f3wne <a href=\"http:\/\/zefraza.com\/pl\/nasza-oferta\/specjalizacje\/\">specjalizacje<\/a><\/span>:<\/h4>\t\t\t\t\t<\/div>\n\t\t\t\t\t\t<\/div>\n\t\t\t\t<\/div>\n\t\t\t\t\t\t<\/div>\n\t\t\t\t\t<\/div>\n\t\t<\/div>\n\t\t\t\t<div class=\"elementor-column elementor-col-50 elementor-inner-column elementor-element elementor-element-f230bf8\" data-id=\"f230bf8\" data-element_type=\"column\">\n\t\t\t<div class=\"elementor-column-wrap elementor-element-populated\">\n\t\t\t\t\t\t\t<div class=\"elementor-widget-wrap\">\n\t\t\t\t\t\t<div class=\"elementor-element elementor-element-9a47aba elementor-widget elementor-widget-text-editor\" data-id=\"9a47aba\" data-element_type=\"widget\" data-widget_type=\"text-editor.default\">\n\t\t\t\t<div class=\"elementor-widget-container\">\n\t\t\t\t\t\t\t\t<div class=\"elementor-text-editor elementor-clearfix\">\n\t\t\t\t<ul><li><h6>T\u0142umaczenia biznesowe<\/h6><\/li><li><h6>T\u0142umaczenia prawne<\/h6><\/li><li><h6>T\u0142umaczenia medyczne<\/h6><\/li><li><h6>T\u0142umaczenia techniczne<\/h6><\/li><li><h6>T\u0142umaczenia marketingowe<\/h6><\/li><li><h6>T\u0142umaczenia turystyczne<\/h6><\/li><li><h6>T\u0142umaczenia informatyczne<\/h6><\/li><li><h6>T\u0142umaczenia dla bran\u017cy motoryzacyjnej<\/h6><\/li><li><h6>T\u0142umaczenia dla rynku produkt\u00f3w szybkozbywalnych (FMCG)<\/h6><\/li><\/ul>\t\t\t\t\t<\/div>\n\t\t\t\t\t\t<\/div>\n\t\t\t\t<\/div>\n\t\t\t\t\t\t<\/div>\n\t\t\t\t\t<\/div>\n\t\t<\/div>\n\t\t\t\t\t\t\t\t<\/div>\n\t\t\t\t\t<\/div>\n\t\t<\/section>\n\t\t\t\t\t\t<\/div>\n\t\t\t\t\t<\/div>\n\t\t<\/div>\n\t\t\t\t\t\t\t\t<\/div>\n\t\t\t\t\t<\/div>\n\t\t<\/section>\n\t\t\t\t\t\t\t\t\t<\/div>\n\t\t\t<\/div>\n\t\t\t\t\t<\/div>\n\t\t","protected":false},"excerpt":{"rendered":"<p>Oferujemy profesjonalne us\u0142ugi: T\u0142umaczenie specjalistyczne Lokalizacja oprogramowania i stron internetowych Edycja i korekta T\u0142umaczenie dla DTP (Desktop publishing) Transkreacja i copywriting Napisy i t\u0142umaczenie audiowizualne Nasze<span class=\"excerpt-hellip\"> [\u2026]<\/span><\/p>\n","protected":false},"author":2,"featured_media":0,"parent":0,"menu_order":0,"comment_status":"closed","ping_status":"closed","template":"","meta":[],"_links":{"self":[{"href":"https:\/\/zefraza.com\/pl\/wp-json\/wp\/v2\/pages\/674"}],"collection":[{"href":"https:\/\/zefraza.com\/pl\/wp-json\/wp\/v2\/pages"}],"about":[{"href":"https:\/\/zefraza.com\/pl\/wp-json\/wp\/v2\/types\/page"}],"author":[{"embeddable":true,"href":"https:\/\/zefraza.com\/pl\/wp-json\/wp\/v2\/users\/2"}],"replies":[{"embeddable":true,"href":"https:\/\/zefraza.com\/pl\/wp-json\/wp\/v2\/comments?post=674"}],"version-history":[{"count":10,"href":"https:\/\/zefraza.com\/pl\/wp-json\/wp\/v2\/pages\/674\/revisions"}],"predecessor-version":[{"id":1068,"href":"https:\/\/zefraza.com\/pl\/wp-json\/wp\/v2\/pages\/674\/revisions\/1068"}],"wp:attachment":[{"href":"https:\/\/zefraza.com\/pl\/wp-json\/wp\/v2\/media?parent=674"}],"curies":[{"name":"wp","href":"https:\/\/api.w.org\/{rel}","templated":true}]}}