{"id":632,"date":"2020-09-10T20:42:01","date_gmt":"2020-09-10T20:42:01","guid":{"rendered":"https:\/\/zefraza.com\/nasza-oferta\/"},"modified":"2021-02-12T14:13:42","modified_gmt":"2021-02-12T14:13:42","slug":"nasza-oferta","status":"publish","type":"page","link":"https:\/\/zefraza.com\/pl\/nasza-oferta\/","title":{"rendered":"Nasza oferta"},"content":{"rendered":"\t\t<div data-elementor-type=\"wp-page\" data-elementor-id=\"632\" class=\"elementor elementor-632 elementor-224\">\n\t\t\t\t\t\t<div class=\"elementor-inner\">\n\t\t\t\t<div class=\"elementor-section-wrap\">\n\t\t\t\t\t\t\t\t\t<section class=\"elementor-section elementor-top-section elementor-element elementor-element-b61ee1e elementor-section-boxed elementor-section-height-default elementor-section-height-default\" data-id=\"b61ee1e\" data-element_type=\"section\">\n\t\t\t\t\t\t<div class=\"elementor-container elementor-column-gap-default\">\n\t\t\t\t\t\t\t<div class=\"elementor-row\">\n\t\t\t\t\t<div class=\"elementor-column elementor-col-100 elementor-top-column elementor-element elementor-element-5106156\" data-id=\"5106156\" data-element_type=\"column\">\n\t\t\t<div class=\"elementor-column-wrap elementor-element-populated\">\n\t\t\t\t\t\t\t<div class=\"elementor-widget-wrap\">\n\t\t\t\t\t\t<div class=\"elementor-element elementor-element-6240a26 elementor-widget elementor-widget-spacer\" data-id=\"6240a26\" data-element_type=\"widget\" data-widget_type=\"spacer.default\">\n\t\t\t\t<div class=\"elementor-widget-container\">\n\t\t\t\t\t<div class=\"elementor-spacer\">\n\t\t\t<div class=\"elementor-spacer-inner\"><\/div>\n\t\t<\/div>\n\t\t\t\t<\/div>\n\t\t\t\t<\/div>\n\t\t\t\t<section class=\"elementor-section elementor-inner-section elementor-element elementor-element-5ab1877 elementor-section-boxed elementor-section-height-default elementor-section-height-default\" data-id=\"5ab1877\" data-element_type=\"section\">\n\t\t\t\t\t\t<div class=\"elementor-container elementor-column-gap-default\">\n\t\t\t\t\t\t\t<div class=\"elementor-row\">\n\t\t\t\t\t<div class=\"elementor-column elementor-col-50 elementor-inner-column elementor-element elementor-element-70dff0f\" data-id=\"70dff0f\" data-element_type=\"column\">\n\t\t\t<div class=\"elementor-column-wrap elementor-element-populated\">\n\t\t\t\t\t\t\t<div class=\"elementor-widget-wrap\">\n\t\t\t\t\t\t<div class=\"elementor-element elementor-element-b1358f8 elementor-widget elementor-widget-text-editor\" data-id=\"b1358f8\" data-element_type=\"widget\" data-widget_type=\"text-editor.default\">\n\t\t\t\t<div class=\"elementor-widget-container\">\n\t\t\t\t\t\t\t\t<div class=\"elementor-text-editor elementor-clearfix\">\n\t\t\t\t<h4>Oferujemy profesjonalne <a href=\"http:\/\/zefraza.com\/pl\/nasza-oferta\/nasze-uslugi\/\">us\u0142ugi<\/a>:<\/h4>\t\t\t\t\t<\/div>\n\t\t\t\t\t\t<\/div>\n\t\t\t\t<\/div>\n\t\t\t\t\t\t<\/div>\n\t\t\t\t\t<\/div>\n\t\t<\/div>\n\t\t\t\t<div class=\"elementor-column elementor-col-50 elementor-inner-column elementor-element elementor-element-075ed25\" data-id=\"075ed25\" data-element_type=\"column\">\n\t\t\t<div class=\"elementor-column-wrap elementor-element-populated\">\n\t\t\t\t\t\t\t<div class=\"elementor-widget-wrap\">\n\t\t\t\t\t\t<div class=\"elementor-element elementor-element-ff24e29 elementor-widget elementor-widget-text-editor\" data-id=\"ff24e29\" data-element_type=\"widget\" data-widget_type=\"text-editor.default\">\n\t\t\t\t<div class=\"elementor-widget-container\">\n\t\t\t\t\t\t\t\t<div class=\"elementor-text-editor elementor-clearfix\">\n\t\t\t\t<ul><li><h6>T\u0142umaczenia specjalistyczne<\/h6><\/li><li><h6>Lokalizacja oprogramowania i stron internetowych<\/h6><\/li><li><h6>Redagowanie i korekta tekst\u00f3w<\/h6><\/li><li><h6>T\u0142umaczenie dla desktop publishing<\/h6><\/li><li><h6>Transkreacja i copywriting<\/h6><\/li><li><h6>Napisy i t\u0142umaczenie audiowizualne<\/h6><\/li><\/ul>\t\t\t\t\t<\/div>\n\t\t\t\t\t\t<\/div>\n\t\t\t\t<\/div>\n\t\t\t\t\t\t<\/div>\n\t\t\t\t\t<\/div>\n\t\t<\/div>\n\t\t\t\t\t\t\t\t<\/div>\n\t\t\t\t\t<\/div>\n\t\t<\/section>\n\t\t\t\t<div class=\"elementor-element elementor-element-e2be3a3 elementor-widget elementor-widget-spacer\" data-id=\"e2be3a3\" data-element_type=\"widget\" data-widget_type=\"spacer.default\">\n\t\t\t\t<div class=\"elementor-widget-container\">\n\t\t\t\t\t<div class=\"elementor-spacer\">\n\t\t\t<div class=\"elementor-spacer-inner\"><\/div>\n\t\t<\/div>\n\t\t\t\t<\/div>\n\t\t\t\t<\/div>\n\t\t\t\t<section class=\"elementor-section elementor-inner-section elementor-element elementor-element-00d336d elementor-section-boxed elementor-section-height-default elementor-section-height-default\" data-id=\"00d336d\" data-element_type=\"section\">\n\t\t\t\t\t\t<div class=\"elementor-container elementor-column-gap-default\">\n\t\t\t\t\t\t\t<div class=\"elementor-row\">\n\t\t\t\t\t<div class=\"elementor-column elementor-col-50 elementor-inner-column elementor-element elementor-element-d3e039f\" data-id=\"d3e039f\" data-element_type=\"column\">\n\t\t\t<div class=\"elementor-column-wrap elementor-element-populated\">\n\t\t\t\t\t\t\t<div class=\"elementor-widget-wrap\">\n\t\t\t\t\t\t<div class=\"elementor-element elementor-element-0be3f1b elementor-widget elementor-widget-text-editor\" data-id=\"0be3f1b\" data-element_type=\"widget\" data-widget_type=\"text-editor.default\">\n\t\t\t\t<div class=\"elementor-widget-container\">\n\t\t\t\t\t\t\t\t<div class=\"elementor-text-editor elementor-clearfix\">\n\t\t\t\t<h4>Nasze g\u0142\u00f3wne <a href=\"http:\/\/zefraza.com\/pl\/nasza-oferta\/specjalizacje\/\">specjalizacje<\/a>:<\/h4>\t\t\t\t\t<\/div>\n\t\t\t\t\t\t<\/div>\n\t\t\t\t<\/div>\n\t\t\t\t\t\t<\/div>\n\t\t\t\t\t<\/div>\n\t\t<\/div>\n\t\t\t\t<div class=\"elementor-column elementor-col-50 elementor-inner-column elementor-element elementor-element-caf63e2\" data-id=\"caf63e2\" data-element_type=\"column\">\n\t\t\t<div class=\"elementor-column-wrap elementor-element-populated\">\n\t\t\t\t\t\t\t<div class=\"elementor-widget-wrap\">\n\t\t\t\t\t\t<div class=\"elementor-element elementor-element-9ffa6eb elementor-widget elementor-widget-text-editor\" data-id=\"9ffa6eb\" data-element_type=\"widget\" data-widget_type=\"text-editor.default\">\n\t\t\t\t<div class=\"elementor-widget-container\">\n\t\t\t\t\t\t\t\t<div class=\"elementor-text-editor elementor-clearfix\">\n\t\t\t\t<ul><li><h6>T\u0142umaczenia biznesowe<\/h6><\/li><li><h6>T\u0142umaczenia prawne<\/h6><\/li><li><h6>T\u0142umaczenia medyczne<\/h6><\/li><li><h6>T\u0142umaczenia techniczne<\/h6><\/li><li><h6>T\u0142umaczenia marketingowe<\/h6><\/li><li><h6>T\u0142umaczenia turystyczne<\/h6><\/li><\/ul><div><ul style=\"font-style: normal; font-variant-ligatures: normal; font-variant-caps: normal; font-weight: 300; font-size: 13px; font-family: Poppins, Helvetica, Arial, sans-serif;\"><li><h6>T\u0142umaczenia informatyczne<\/h6><\/li><\/ul><div><ul style=\"font-style: normal; font-variant-ligatures: normal; font-variant-caps: normal; font-weight: 300; font-size: 13px; font-family: Poppins, Helvetica, Arial, sans-serif;\"><li><h6><span style=\"font-family: 'Pathway Gothic One', Helvetica, Arial, sans-serif; font-size: 19px; font-style: normal; font-variant-ligatures: normal; font-variant-caps: normal; font-weight: 400;\">T\u0142umaczenia\u00a0<\/span>dla bran\u017cy samochodowej<\/h6><\/li><li><h6>T\u0142umaczenia FMCG<\/h6><\/li><\/ul><\/div><\/div>\t\t\t\t\t<\/div>\n\t\t\t\t\t\t<\/div>\n\t\t\t\t<\/div>\n\t\t\t\t\t\t<\/div>\n\t\t\t\t\t<\/div>\n\t\t<\/div>\n\t\t\t\t\t\t\t\t<\/div>\n\t\t\t\t\t<\/div>\n\t\t<\/section>\n\t\t\t\t\t\t<\/div>\n\t\t\t\t\t<\/div>\n\t\t<\/div>\n\t\t\t\t\t\t\t\t<\/div>\n\t\t\t\t\t<\/div>\n\t\t<\/section>\n\t\t\t\t\t\t\t\t\t<\/div>\n\t\t\t<\/div>\n\t\t\t\t\t<\/div>\n\t\t","protected":false},"excerpt":{"rendered":"<p>Oferujemy profesjonalne us\u0142ugi: T\u0142umaczenia specjalistyczne Lokalizacja oprogramowania i stron internetowych Redagowanie i korekta tekst\u00f3w T\u0142umaczenie dla desktop publishing Transkreacja i copywriting Napisy i t\u0142umaczenie audiowizualne Nasze<span class=\"excerpt-hellip\"> [\u2026]<\/span><\/p>\n","protected":false},"author":1,"featured_media":0,"parent":0,"menu_order":0,"comment_status":"closed","ping_status":"closed","template":"","meta":[],"_links":{"self":[{"href":"https:\/\/zefraza.com\/pl\/wp-json\/wp\/v2\/pages\/632"}],"collection":[{"href":"https:\/\/zefraza.com\/pl\/wp-json\/wp\/v2\/pages"}],"about":[{"href":"https:\/\/zefraza.com\/pl\/wp-json\/wp\/v2\/types\/page"}],"author":[{"embeddable":true,"href":"https:\/\/zefraza.com\/pl\/wp-json\/wp\/v2\/users\/1"}],"replies":[{"embeddable":true,"href":"https:\/\/zefraza.com\/pl\/wp-json\/wp\/v2\/comments?post=632"}],"version-history":[{"count":10,"href":"https:\/\/zefraza.com\/pl\/wp-json\/wp\/v2\/pages\/632\/revisions"}],"predecessor-version":[{"id":831,"href":"https:\/\/zefraza.com\/pl\/wp-json\/wp\/v2\/pages\/632\/revisions\/831"}],"wp:attachment":[{"href":"https:\/\/zefraza.com\/pl\/wp-json\/wp\/v2\/media?parent=632"}],"curies":[{"name":"wp","href":"https:\/\/api.w.org\/{rel}","templated":true}]}}